{"id":890,"date":"2025-05-07T14:11:15","date_gmt":"2025-05-07T17:11:15","guid":{"rendered":"https:\/\/prolineengenharia.com.br\/?page_id=890"},"modified":"2025-05-07T15:21:28","modified_gmt":"2025-05-07T18:21:28","slug":"cursos","status":"publish","type":"page","link":"https:\/\/prolineengenharia.com.br\/?page_id=890","title":{"rendered":"Cursos"},"content":{"rendered":"\t\t<div data-elementor-type=\"wp-page\" data-elementor-id=\"890\" class=\"elementor elementor-890\" data-elementor-post-type=\"page\">\n\t\t\t\t\t\t<section class=\"elementor-section elementor-top-section elementor-element elementor-element-7256f6c elementor-section-boxed elementor-section-height-default elementor-section-height-default\" data-id=\"7256f6c\" data-element_type=\"section\" data-settings=\"{&quot;background_background&quot;:&quot;slideshow&quot;,&quot;background_slideshow_gallery&quot;:[{&quot;id&quot;:698,&quot;url&quot;:&quot;https:\\\/\\\/prolineengenharia.com.br\\\/wp-content\\\/uploads\\\/2023\\\/06\\\/7.jpg&quot;},{&quot;id&quot;:699,&quot;url&quot;:&quot;https:\\\/\\\/prolineengenharia.com.br\\\/wp-content\\\/uploads\\\/2023\\\/06\\\/8.jpg&quot;}],&quot;background_slideshow_loop&quot;:&quot;yes&quot;,&quot;background_slideshow_slide_duration&quot;:5000,&quot;background_slideshow_slide_transition&quot;:&quot;fade&quot;,&quot;background_slideshow_transition_duration&quot;:500}\">\n\t\t\t\t\t\t\t<div class=\"elementor-background-overlay\"><\/div>\n\t\t\t\t\t\t\t<div class=\"elementor-container elementor-column-gap-no\">\n\t\t\t\t\t<div class=\"elementor-column elementor-col-100 elementor-top-column elementor-element elementor-element-8b944e1\" data-id=\"8b944e1\" data-element_type=\"column\">\n\t\t\t<div class=\"elementor-widget-wrap elementor-element-populated\">\n\t\t\t\t\t\t<div class=\"elementor-element elementor-element-0eabcbe elementor-widget elementor-widget-heading\" data-id=\"0eabcbe\" data-element_type=\"widget\" data-widget_type=\"heading.default\">\n\t\t\t\t<div class=\"elementor-widget-container\">\n\t\t\t\t\t<h1 class=\"elementor-heading-title elementor-size-default\">cursos<\/h1>\t\t\t\t<\/div>\n\t\t\t\t<\/div>\n\t\t\t\t\t<\/div>\n\t\t<\/div>\n\t\t\t\t\t<\/div>\n\t\t<\/section>\n\t\t\t\t<section class=\"elementor-section elementor-top-section elementor-element elementor-element-b97f1f0 elementor-section-boxed elementor-section-height-default elementor-section-height-default\" data-id=\"b97f1f0\" data-element_type=\"section\" data-settings=\"{&quot;background_background&quot;:&quot;classic&quot;}\">\n\t\t\t\t\t\t<div class=\"elementor-container elementor-column-gap-no\">\n\t\t\t\t\t<div class=\"elementor-column elementor-col-100 elementor-top-column elementor-element elementor-element-2da0e14\" data-id=\"2da0e14\" data-element_type=\"column\">\n\t\t\t<div class=\"elementor-widget-wrap elementor-element-populated\">\n\t\t\t\t\t\t<div class=\"elementor-element elementor-element-7389d1c elementor-widget elementor-widget-heading\" data-id=\"7389d1c\" data-element_type=\"widget\" data-widget_type=\"heading.default\">\n\t\t\t\t<div class=\"elementor-widget-container\">\n\t\t\t\t\t<h3 class=\"elementor-heading-title elementor-size-default\">Nossos Ultimos Cursos<\/h3>\t\t\t\t<\/div>\n\t\t\t\t<\/div>\n\t\t\t\t<div class=\"elementor-element elementor-element-4274c63 elementor-widget elementor-widget-heading\" data-id=\"4274c63\" data-element_type=\"widget\" data-widget_type=\"heading.default\">\n\t\t\t\t<div class=\"elementor-widget-container\">\n\t\t\t\t\t<h2 class=\"elementor-heading-title elementor-size-default\">Galeria de Aprendizagem<\/h2>\t\t\t\t<\/div>\n\t\t\t\t<\/div>\n\t\t\t\t\t<\/div>\n\t\t<\/div>\n\t\t\t\t\t<\/div>\n\t\t<\/section>\n\t\t<div class=\"elementor-element elementor-element-b7f7449 e-flex e-con-boxed e-con e-parent\" data-id=\"b7f7449\" data-element_type=\"container\">\n\t\t\t\t\t<div class=\"e-con-inner\">\n\t\t\t\t<div class=\"elementor-element elementor-element-2b9eb0f elementor-grid-3 elementor-grid-tablet-2 elementor-grid-mobile-1 elementor-posts--thumbnail-top elementor-widget elementor-widget-posts\" data-id=\"2b9eb0f\" data-element_type=\"widget\" data-settings=\"{&quot;classic_row_gap&quot;:{&quot;unit&quot;:&quot;px&quot;,&quot;size&quot;:10,&quot;sizes&quot;:[]},&quot;pagination_type&quot;:&quot;numbers_and_prev_next&quot;,&quot;classic_columns&quot;:&quot;3&quot;,&quot;classic_columns_tablet&quot;:&quot;2&quot;,&quot;classic_columns_mobile&quot;:&quot;1&quot;,&quot;classic_row_gap_tablet&quot;:{&quot;unit&quot;:&quot;px&quot;,&quot;size&quot;:&quot;&quot;,&quot;sizes&quot;:[]},&quot;classic_row_gap_mobile&quot;:{&quot;unit&quot;:&quot;px&quot;,&quot;size&quot;:&quot;&quot;,&quot;sizes&quot;:[]}}\" data-widget_type=\"posts.classic\">\n\t\t\t\t<div class=\"elementor-widget-container\">\n\t\t\t\t\t\t\t<div class=\"elementor-posts-container elementor-posts elementor-posts--skin-classic elementor-grid\">\n\t\t\t\t<article class=\"elementor-post elementor-grid-item post-910 curso type-curso status-publish has-post-thumbnail hentry\">\n\t\t\t\t<a class=\"elementor-post__thumbnail__link\" href=\"https:\/\/prolineengenharia.com.br\/?curso=gestao-de-projetos-industriais\" tabindex=\"-1\" >\n\t\t\t<div class=\"elementor-post__thumbnail\"><img fetchpriority=\"high\" decoding=\"async\" width=\"380\" height=\"250\" src=\"https:\/\/prolineengenharia.com.br\/wp-content\/uploads\/2025\/05\/gestao-de-projetos.jpg\" class=\"attachment-large size-large wp-image-894\" alt=\"\" srcset=\"https:\/\/prolineengenharia.com.br\/wp-content\/uploads\/2025\/05\/gestao-de-projetos.jpg 380w, https:\/\/prolineengenharia.com.br\/wp-content\/uploads\/2025\/05\/gestao-de-projetos-300x197.jpg 300w\" sizes=\"(max-width: 380px) 100vw, 380px\" \/><\/div>\n\t\t<\/a>\n\t\t\t\t<div class=\"elementor-post__text\">\n\t\t\t\t<h3 class=\"elementor-post__title\">\n\t\t\t<a href=\"https:\/\/prolineengenharia.com.br\/?curso=gestao-de-projetos-industriais\" >\n\t\t\t\tGest\u00e3o de Projetos Industriais\t\t\t<\/a>\n\t\t<\/h3>\n\t\t\t\t<div class=\"elementor-post__excerpt\">\n\t\t\t<p>Domine as boas pr\u00e1ticas e metodologias aplicadas em projetos industriais, do escopo \u00e0 entrega final.<\/p>\n\t\t<\/div>\n\t\t\t\t\t<div class=\"elementor-post__read-more-wrapper\">\n\t\t\n\t\t<a class=\"elementor-post__read-more\" href=\"https:\/\/prolineengenharia.com.br\/?curso=gestao-de-projetos-industriais\" aria-label=\"Read more about Gest\u00e3o de Projetos Industriais\" tabindex=\"-1\" >\n\t\t\tVEJA MAIS \u00bb\t\t<\/a>\n\n\t\t\t\t\t<\/div>\n\t\t\t\t<\/div>\n\t\t\t\t<\/article>\n\t\t\t\t<article class=\"elementor-post elementor-grid-item post-909 curso type-curso status-publish has-post-thumbnail hentry\">\n\t\t\t\t<a class=\"elementor-post__thumbnail__link\" href=\"https:\/\/prolineengenharia.com.br\/?curso=memorias-de-calculo-estrutural\" tabindex=\"-1\" >\n\t\t\t<div class=\"elementor-post__thumbnail\"><img decoding=\"async\" width=\"380\" height=\"250\" src=\"https:\/\/prolineengenharia.com.br\/wp-content\/uploads\/2025\/05\/memorias-de-calculo.jpg\" class=\"attachment-large size-large wp-image-895\" alt=\"\" srcset=\"https:\/\/prolineengenharia.com.br\/wp-content\/uploads\/2025\/05\/memorias-de-calculo.jpg 380w, https:\/\/prolineengenharia.com.br\/wp-content\/uploads\/2025\/05\/memorias-de-calculo-300x197.jpg 300w\" sizes=\"(max-width: 380px) 100vw, 380px\" \/><\/div>\n\t\t<\/a>\n\t\t\t\t<div class=\"elementor-post__text\">\n\t\t\t\t<h3 class=\"elementor-post__title\">\n\t\t\t<a href=\"https:\/\/prolineengenharia.com.br\/?curso=memorias-de-calculo-estrutural\" >\n\t\t\t\tMem\u00f3rias de C\u00e1lculo Estrutural\t\t\t<\/a>\n\t\t<\/h3>\n\t\t\t\t<div class=\"elementor-post__excerpt\">\n\t\t\t<p>Elabore relat\u00f3rios e c\u00e1lculos estruturais conforme normas t\u00e9cnicas, garantindo seguran\u00e7a e robustez para projetos industriais.<\/p>\n\t\t<\/div>\n\t\t\t\t\t<div class=\"elementor-post__read-more-wrapper\">\n\t\t\n\t\t<a class=\"elementor-post__read-more\" href=\"https:\/\/prolineengenharia.com.br\/?curso=memorias-de-calculo-estrutural\" aria-label=\"Read more about Mem\u00f3rias de C\u00e1lculo Estrutural\" tabindex=\"-1\" >\n\t\t\tVEJA MAIS \u00bb\t\t<\/a>\n\n\t\t\t\t\t<\/div>\n\t\t\t\t<\/div>\n\t\t\t\t<\/article>\n\t\t\t\t<article class=\"elementor-post elementor-grid-item post-908 curso type-curso status-publish has-post-thumbnail hentry\">\n\t\t\t\t<a class=\"elementor-post__thumbnail__link\" href=\"https:\/\/prolineengenharia.com.br\/?curso=projetos-de-andaimaria-industrial\" tabindex=\"-1\" >\n\t\t\t<div class=\"elementor-post__thumbnail\"><img decoding=\"async\" width=\"380\" height=\"250\" src=\"https:\/\/prolineengenharia.com.br\/wp-content\/uploads\/2025\/05\/projeto-de-andaimaria.jpg\" class=\"attachment-large size-large wp-image-897\" alt=\"\" srcset=\"https:\/\/prolineengenharia.com.br\/wp-content\/uploads\/2025\/05\/projeto-de-andaimaria.jpg 380w, https:\/\/prolineengenharia.com.br\/wp-content\/uploads\/2025\/05\/projeto-de-andaimaria-300x197.jpg 300w\" sizes=\"(max-width: 380px) 100vw, 380px\" \/><\/div>\n\t\t<\/a>\n\t\t\t\t<div class=\"elementor-post__text\">\n\t\t\t\t<h3 class=\"elementor-post__title\">\n\t\t\t<a href=\"https:\/\/prolineengenharia.com.br\/?curso=projetos-de-andaimaria-industrial\" >\n\t\t\t\tProjetos de Andaimaria Industrial\t\t\t<\/a>\n\t\t<\/h3>\n\t\t\t\t<div class=\"elementor-post__excerpt\">\n\t\t\t<p>Entenda os crit\u00e9rios de seguran\u00e7a, montagem e detalhamento de andaimes para interven\u00e7\u00f5es em \u00e1reas industriais.<\/p>\n\t\t<\/div>\n\t\t\t\t\t<div class=\"elementor-post__read-more-wrapper\">\n\t\t\n\t\t<a class=\"elementor-post__read-more\" href=\"https:\/\/prolineengenharia.com.br\/?curso=projetos-de-andaimaria-industrial\" aria-label=\"Read more about Projetos de Andaimaria Industrial\" tabindex=\"-1\" >\n\t\t\tVEJA MAIS \u00bb\t\t<\/a>\n\n\t\t\t\t\t<\/div>\n\t\t\t\t<\/div>\n\t\t\t\t<\/article>\n\t\t\t\t<article class=\"elementor-post elementor-grid-item post-907 curso type-curso status-publish has-post-thumbnail hentry\">\n\t\t\t\t<a class=\"elementor-post__thumbnail__link\" href=\"https:\/\/prolineengenharia.com.br\/?curso=planejamento-de-obras-industriais\" tabindex=\"-1\" >\n\t\t\t<div class=\"elementor-post__thumbnail\"><img loading=\"lazy\" decoding=\"async\" width=\"380\" height=\"250\" src=\"https:\/\/prolineengenharia.com.br\/wp-content\/uploads\/2025\/05\/planejamento-de-obras.jpg\" class=\"attachment-large size-large wp-image-896\" alt=\"\" srcset=\"https:\/\/prolineengenharia.com.br\/wp-content\/uploads\/2025\/05\/planejamento-de-obras.jpg 380w, https:\/\/prolineengenharia.com.br\/wp-content\/uploads\/2025\/05\/planejamento-de-obras-300x197.jpg 300w\" sizes=\"(max-width: 380px) 100vw, 380px\" \/><\/div>\n\t\t<\/a>\n\t\t\t\t<div class=\"elementor-post__text\">\n\t\t\t\t<h3 class=\"elementor-post__title\">\n\t\t\t<a href=\"https:\/\/prolineengenharia.com.br\/?curso=planejamento-de-obras-industriais\" >\n\t\t\t\tPlanejamento de Obras Industriais\t\t\t<\/a>\n\t\t<\/h3>\n\t\t\t\t<div class=\"elementor-post__excerpt\">\n\t\t\t<p>Conhe\u00e7a os principais conceitos e ferramentas para planejamento, cronograma f\u00edsico-financeiro e controle de obras industriais.<\/p>\n\t\t<\/div>\n\t\t\t\t\t<div class=\"elementor-post__read-more-wrapper\">\n\t\t\n\t\t<a class=\"elementor-post__read-more\" href=\"https:\/\/prolineengenharia.com.br\/?curso=planejamento-de-obras-industriais\" aria-label=\"Read more about Planejamento de Obras Industriais\" tabindex=\"-1\" >\n\t\t\tVEJA MAIS \u00bb\t\t<\/a>\n\n\t\t\t\t\t<\/div>\n\t\t\t\t<\/div>\n\t\t\t\t<\/article>\n\t\t\t\t<article class=\"elementor-post elementor-grid-item post-906 curso type-curso status-publish has-post-thumbnail hentry\">\n\t\t\t\t<a class=\"elementor-post__thumbnail__link\" href=\"https:\/\/prolineengenharia.com.br\/?curso=detalhamento-de-spools\" tabindex=\"-1\" >\n\t\t\t<div class=\"elementor-post__thumbnail\"><img loading=\"lazy\" decoding=\"async\" width=\"380\" height=\"250\" src=\"https:\/\/prolineengenharia.com.br\/wp-content\/uploads\/2025\/05\/detalhamento-de-spools.jpg\" class=\"attachment-large size-large wp-image-893\" alt=\"\" srcset=\"https:\/\/prolineengenharia.com.br\/wp-content\/uploads\/2025\/05\/detalhamento-de-spools.jpg 380w, https:\/\/prolineengenharia.com.br\/wp-content\/uploads\/2025\/05\/detalhamento-de-spools-300x197.jpg 300w\" sizes=\"(max-width: 380px) 100vw, 380px\" \/><\/div>\n\t\t<\/a>\n\t\t\t\t<div class=\"elementor-post__text\">\n\t\t\t\t<h3 class=\"elementor-post__title\">\n\t\t\t<a href=\"https:\/\/prolineengenharia.com.br\/?curso=detalhamento-de-spools\" >\n\t\t\t\tDetalhamento de Spools\t\t\t<\/a>\n\t\t<\/h3>\n\t\t\t\t<div class=\"elementor-post__excerpt\">\n\t\t\t<p>Aprenda a criar e interpretar isom\u00e9tricos de spool, otimizar a fabrica\u00e7\u00e3o e montagem em projetos<\/p>\n\t\t<\/div>\n\t\t\t\t\t<div class=\"elementor-post__read-more-wrapper\">\n\t\t\n\t\t<a class=\"elementor-post__read-more\" href=\"https:\/\/prolineengenharia.com.br\/?curso=detalhamento-de-spools\" aria-label=\"Read more about Detalhamento de Spools\" tabindex=\"-1\" >\n\t\t\tVEJA MAIS \u00bb\t\t<\/a>\n\n\t\t\t\t\t<\/div>\n\t\t\t\t<\/div>\n\t\t\t\t<\/article>\n\t\t\t\t<\/div>\n\t\t\n\t\t\t\t\t\t<\/div>\n\t\t\t\t<\/div>\n\t\t\t\t\t<\/div>\n\t\t\t\t<\/div>\n\t\t\t\t<\/div>\n\t\t","protected":false},"excerpt":{"rendered":"<p>cursos Nossos Ultimos Cursos Galeria de Aprendizagem<\/p>\n","protected":false},"author":1,"featured_media":0,"parent":0,"menu_order":0,"comment_status":"closed","ping_status":"closed","template":"","meta":{"_acf_changed":false,"site-sidebar-layout":"no-sidebar","site-content-layout":"page-builder","ast-site-content-layout":"full-width-container","site-content-style":"default","site-sidebar-style":"default","ast-global-header-display":"","ast-banner-title-visibility":"","ast-main-header-display":"","ast-hfb-above-header-display":"","ast-hfb-below-header-display":"","ast-hfb-mobile-header-display":"","site-post-title":"disabled","ast-breadcrumbs-content":"","ast-featured-img":"disabled","footer-sml-layout":"","theme-transparent-header-meta":"","adv-header-id-meta":"","stick-header-meta":"","header-above-stick-meta":"","header-main-stick-meta":"","header-below-stick-meta":"","astra-migrate-meta-layouts":"set","ast-page-background-enabled":"default","ast-page-background-meta":{"desktop":{"background-color":"var(--ast-global-color-4)","background-image":"","background-repeat":"repeat","background-position":"center center","background-size":"auto","background-attachment":"scroll","background-type":"","background-media":"","overlay-type":"","overlay-color":"","overlay-opacity":"","overlay-gradient":""},"tablet":{"background-color":"","background-image":"","background-repeat":"repeat","background-position":"center center","background-size":"auto","background-attachment":"scroll","background-type":"","background-media":"","overlay-type":"","overlay-color":"","overlay-opacity":"","overlay-gradient":""},"mobile":{"background-color":"","background-image":"","background-repeat":"repeat","background-position":"center center","background-size":"auto","background-attachment":"scroll","background-type":"","background-media":"","overlay-type":"","overlay-color":"","overlay-opacity":"","overlay-gradient":""}},"ast-content-background-meta":{"desktop":{"background-color":"var(--ast-global-color-5)","background-image":"","background-repeat":"repeat","background-position":"center center","background-size":"auto","background-attachment":"scroll","background-type":"","background-media":"","overlay-type":"","overlay-color":"","overlay-opacity":"","overlay-gradient":""},"tablet":{"background-color":"var(--ast-global-color-5)","background-image":"","background-repeat":"repeat","background-position":"center center","background-size":"auto","background-attachment":"scroll","background-type":"","background-media":"","overlay-type":"","overlay-color":"","overlay-opacity":"","overlay-gradient":""},"mobile":{"background-color":"var(--ast-global-color-5)","background-image":"","background-repeat":"repeat","background-position":"center center","background-size":"auto","background-attachment":"scroll","background-type":"","background-media":"","overlay-type":"","overlay-color":"","overlay-opacity":"","overlay-gradient":""}},"footnotes":""},"class_list":["post-890","page","type-page","status-publish","hentry"],"acf":[],"_links":{"self":[{"href":"https:\/\/prolineengenharia.com.br\/index.php?rest_route=\/wp\/v2\/pages\/890","targetHints":{"allow":["GET"]}}],"collection":[{"href":"https:\/\/prolineengenharia.com.br\/index.php?rest_route=\/wp\/v2\/pages"}],"about":[{"href":"https:\/\/prolineengenharia.com.br\/index.php?rest_route=\/wp\/v2\/types\/page"}],"author":[{"embeddable":true,"href":"https:\/\/prolineengenharia.com.br\/index.php?rest_route=\/wp\/v2\/users\/1"}],"replies":[{"embeddable":true,"href":"https:\/\/prolineengenharia.com.br\/index.php?rest_route=%2Fwp%2Fv2%2Fcomments&post=890"}],"version-history":[{"count":16,"href":"https:\/\/prolineengenharia.com.br\/index.php?rest_route=\/wp\/v2\/pages\/890\/revisions"}],"predecessor-version":[{"id":923,"href":"https:\/\/prolineengenharia.com.br\/index.php?rest_route=\/wp\/v2\/pages\/890\/revisions\/923"}],"wp:attachment":[{"href":"https:\/\/prolineengenharia.com.br\/index.php?rest_route=%2Fwp%2Fv2%2Fmedia&parent=890"}],"curies":[{"name":"wp","href":"https:\/\/api.w.org\/{rel}","templated":true}]}}